{"id":845,"date":"2025-09-10T08:06:00","date_gmt":"2025-09-10T08:06:00","guid":{"rendered":"https:\/\/premiumoutletmx.com\/?page_id=845"},"modified":"2026-01-19T17:22:34","modified_gmt":"2026-01-19T23:22:34","slug":"la-compania","status":"publish","type":"page","link":"https:\/\/premiumoutletmx.com\/es\/la-compania\/","title":{"rendered":"La compa\u00f1\u00eda"},"content":{"rendered":"<p>[et_pb_section fb_built=\u00bb1&#8243; _builder_version=\u00bb4.27.4&#8243; _module_preset=\u00bbdefault\u00bb use_background_color_gradient=\u00bbon\u00bb background_color_gradient_stops=\u00bbrgba(0,0,0,0.29) 1%|rgba(0,0,0,0.29) 100%\u00bb background_color_gradient_overlays_image=\u00bbon\u00bb background_image=\u00bbhttps:\/\/premiumoutletmx.com\/wp-content\/uploads\/2025\/09\/po-header-aboutus.jpg\u00bb height=\u00bb50vh\u00bb custom_css_main_element=\u00bbdisplay:grid;\u00bb global_colors_info=\u00bb{}\u00bb][et_pb_row _builder_version=\u00bb4.27.4&#8243; _module_preset=\u00bbdefault\u00bb global_colors_info=\u00bb{}\u00bb][et_pb_column type=\u00bb4_4&#8243; _builder_version=\u00bb4.27.4&#8243; _module_preset=\u00bbdefault\u00bb global_colors_info=\u00bb{}\u00bb][et_pb_heading title=\u00bb@ET-DC@eyJkeW5hbWljIjp0cnVlLCJjb250ZW50IjoicG9zdF90aXRsZSIsInNldHRpbmdzIjp7ImJlZm9yZSI6IiIsImFmdGVyIjoiIn19@\u00bb _builder_version=\u00bb4.27.5&#8243; _dynamic_attributes=\u00bbtitle\u00bb _module_preset=\u00bbdefault\u00bb title_font=\u00bbSimonCircle|700||on|||||\u00bb title_text_align=\u00bbcenter\u00bb title_text_color=\u00bb#ffffff\u00bb title_font_size=\u00bb4rem\u00bb hover_enabled=\u00bb0&#8243; title_font_size_tablet=\u00bb3rem\u00bb title_font_size_phone=\u00bb2.5rem\u00bb title_font_size_last_edited=\u00bbon|phone\u00bb global_colors_info=\u00bb{}\u00bb sticky_enabled=\u00bb0&#8243;][\/et_pb_heading][\/et_pb_column][\/et_pb_row][\/et_pb_section][et_pb_section fb_built=\u00bb1&#8243; _builder_version=\u00bb4.27.4&#8243; _module_preset=\u00bbdefault\u00bb global_colors_info=\u00bb{}\u00bb][et_pb_row _builder_version=\u00bb4.27.4&#8243; _module_preset=\u00bbdefault\u00bb custom_css_main_element=\u00bbdisplay:flex; justify-content:center;align-items:center;\u00bb global_colors_info=\u00bb{}\u00bb][et_pb_column type=\u00bb4_4&#8243; _builder_version=\u00bb4.27.4&#8243; _module_preset=\u00bbdefault\u00bb global_colors_info=\u00bb{}\u00bb][et_pb_text _builder_version=\u00bb4.27.5&#8243; _module_preset=\u00bbdefault\u00bb text_font=\u00bbSimonCircle light||||||||\u00bb text_text_color=\u00bb#000000&#8243; header_2_font=\u00bbSimonCircle|||on|||||\u00bb header_2_text_color=\u00bb#000000&#8243; hover_enabled=\u00bb0&#8243; global_colors_info=\u00bb{}\u00bb sticky_enabled=\u00bb0&#8243;]<\/p>\n<h2>\u00bfQui\u00e9nes somos?<\/h2>\n<p>Es una compa\u00f1\u00eda surgida de la alianza estrat\u00e9gica entre Grupo Sordo Madaleno y Simon Property Group. Esta compa\u00f1\u00eda se especializa en la construcci\u00f3n, operaci\u00f3n y administraci\u00f3n de sus propios Premium Outlet Centers\u00ae en la Rep\u00fablica Mexicana.<\/p>\n<p>Grupo Sordo Madaleno, fundado en 1937, es una de las firmas m\u00e1s reconocidas de M\u00e9xico en las \u00e1reas de desarrollo urbano, arquitectura y dise\u00f1o de interiores. Su gran trayectoria incluye el dise\u00f1o y desarrollo de una extensa variedad de proyectos, entre los que destacan hoteles y centros comerciales como Plaza Universidad, Plaza Sat\u00e9lite en la Ciudad de M\u00e9xico, Angelopolis en Puebla y Antara en Polanco.[\/et_pb_text][et_pb_text _builder_version=\u00bb4.27.5&#8243; _module_preset=\u00bbdefault\u00bb text_font=\u00bbSimonCircle light||||||||\u00bb text_text_color=\u00bb#000000&#8243; link_text_color=\u00bb#A71D5C\u00bb header_2_font=\u00bbSimonCircle|||on|||||\u00bb header_2_text_color=\u00bb#000000&#8243; hover_enabled=\u00bb0&#8243; global_colors_info=\u00bb{}\u00bb link_font=\u00bbSimonCircle light||||||||\u00bb sticky_enabled=\u00bb0&#8243;]<\/p>\n<h2>Simon<\/h2>\n<p>Simon es un l\u00edder global en la industria de bienes ra\u00edces comerciales, propietaria de la gesti\u00f3n y el desarrollo de una compa\u00f1\u00eda S &amp; P100 (Simon Property Group, NYSE: SPG). Nuestras propiedades, l\u00edderes en la industria y las inversiones a trav\u00e9s de Am\u00e9rica del Norte, Europa y Asia proporcionan experiencias de compra para millones de consumidores cada d\u00eda y generando miles de millones en ventas anuales en el comercio al por menor. Para obtener m\u00e1s informaci\u00f3n, visite: <a href=\"https:\/\/business.simon.com\/why-simon\" target=\"_blank\" rel=\"noopener\">business.simon.com\/about<\/a>.<\/p>\n<p>[\/et_pb_text][\/et_pb_column][\/et_pb_row][\/et_pb_section]<\/p>\n","protected":false},"excerpt":{"rendered":"<p>\u00bfQui\u00e9nes somos? Es una compa\u00f1\u00eda surgida de la alianza estrat\u00e9gica entre Grupo Sordo Madaleno y Simon Property Group. Esta compa\u00f1\u00eda se especializa en la construcci\u00f3n, operaci\u00f3n y administraci\u00f3n de sus propios Premium Outlet Centers\u00ae en la Rep\u00fablica Mexicana. Grupo Sordo Madaleno, fundado en 1937, es una de las firmas m\u00e1s reconocidas de M\u00e9xico en las [&hellip;]<\/p>\n","protected":false},"author":1,"featured_media":0,"parent":0,"menu_order":0,"comment_status":"closed","ping_status":"closed","template":"","meta":{"_acf_changed":false,"_et_pb_use_builder":"on","_et_pb_old_content":"","_et_gb_content_width":"","footnotes":""},"class_list":["post-845","page","type-page","status-publish","hentry"],"acf":[],"_links":{"self":[{"href":"https:\/\/premiumoutletmx.com\/es\/wp-json\/wp\/v2\/pages\/845","targetHints":{"allow":["GET"]}}],"collection":[{"href":"https:\/\/premiumoutletmx.com\/es\/wp-json\/wp\/v2\/pages"}],"about":[{"href":"https:\/\/premiumoutletmx.com\/es\/wp-json\/wp\/v2\/types\/page"}],"author":[{"embeddable":true,"href":"https:\/\/premiumoutletmx.com\/es\/wp-json\/wp\/v2\/users\/1"}],"replies":[{"embeddable":true,"href":"https:\/\/premiumoutletmx.com\/es\/wp-json\/wp\/v2\/comments?post=845"}],"version-history":[{"count":9,"href":"https:\/\/premiumoutletmx.com\/es\/wp-json\/wp\/v2\/pages\/845\/revisions"}],"predecessor-version":[{"id":2429,"href":"https:\/\/premiumoutletmx.com\/es\/wp-json\/wp\/v2\/pages\/845\/revisions\/2429"}],"wp:attachment":[{"href":"https:\/\/premiumoutletmx.com\/es\/wp-json\/wp\/v2\/media?parent=845"}],"curies":[{"name":"wp","href":"https:\/\/api.w.org\/{rel}","templated":true}]}}