{"id":2374,"date":"2026-01-16T09:38:14","date_gmt":"2026-01-16T15:38:14","guid":{"rendered":"https:\/\/premiumoutletmx.com\/?page_id=2374"},"modified":"2026-01-16T09:40:16","modified_gmt":"2026-01-16T15:40:16","slug":"terminos-y-condiciones","status":"publish","type":"page","link":"https:\/\/premiumoutletmx.com\/es\/terminos-y-condiciones\/","title":{"rendered":"T\u00e9rminos y condiciones"},"content":{"rendered":"\n<p>Fecha de entrada en vigor: 1 de marzo de 2010<\/p>\n\n\n\n<p>Respetamos la privacidad de las comunicaciones electr\u00f3nicas personales y no divulgaremos intencionalmente el contenido de dichas comunicaciones a terceros no autorizados, salvo que la ley lo exija o lo permita. No obstante lo anterior, el uso de la informaci\u00f3n personal presentada en relaci\u00f3n con cualquier sorteo se regir\u00e1 por las bases del mismo. Nos reservamos el derecho a cooperar plenamente con las autoridades locales, estatales o federales en cualquier investigaci\u00f3n relacionada con cualquier contenido, incluidas las comunicaciones electr\u00f3nicas privadas, transmitidas a este sitio web o con las actividades il\u00edcitas de cualquier usuario de este sitio web.<\/p>\n\n\n\n<p>AVISO DE PRIVACIDAD<\/p>\n\n\n\n<p>PREMIUM OUTLETS DE M\u00c9XICO, S. DE R.L. DE C.V. (la \u201cEmpresa\u201d), con domicilio social en Hacienda Sierra Vieja n\u00famero 2, lote 14, Colonia Hacienda del Parque, C.P. 54769, Cuauhtitl\u00e1n Izcalli, Estado de M\u00e9xico, (la Administraci\u00f3n de Punta Norte Premium Outlet) mantiene una base de datos de las personas que interact\u00faan con ella, datos que de alguna manera fueron puestos a su disposici\u00f3n por los titulares de dicha informaci\u00f3n. Puede contactarnos en:<\/p>\n\n\n\n<p>Correo electr\u00f3nico: shopmexico@premiumoutlets.com.mx<\/p>\n\n\n\n<p>Salvo que el titular determine lo contrario a trav\u00e9s de los medios descritos en este Aviso de Privacidad, sus datos se tratan para el desarrollo de nuevos productos y servicios, la mercadotecnia, la promoci\u00f3n y la venta de los productos y servicios que ofrece la Compa\u00f1\u00eda.<\/p>\n\n\n\n<p>Entre otras, sus datos personales podr\u00e1n destinarse a las siguientes finalidades:<\/p>\n\n\n\n<ol class=\"wp-block-list\">\n<li>Informar al titular sobre la diversidad de nuevos productos y servicios, as\u00ed como sobre beneficios, descuentos, promociones, estudios de mercado y, en general, cualquier publicidad derivada de los servicios y productos que ofrece la Compa\u00f1\u00eda.<\/li>\n\n\n\n<li>An\u00e1lisis del uso de nuestros productos y servicios.<\/li>\n<\/ol>\n\n\n\n<p>La Compa\u00f1\u00eda puede obtener su informaci\u00f3n de diversas fuentes, entre las que se incluyen:<\/p>\n\n\n\n<p>2.1. Personalmente: Cuando solicita o adquiere alguno de los servicios o productos que ofrece la Compa\u00f1\u00eda.<\/p>\n\n\n\n<p>2.2. Directamente: Cuando nos proporciona sus datos personales para solicitar nuevos servicios o productos, ya sea a trav\u00e9s de nuestra p\u00e1gina de internet, exposiciones, correo electr\u00f3nico, por escrito o por tel\u00e9fono.<\/p>\n\n\n\n<p>2.3. Indirectamente: De cualquier otra fuente de informaci\u00f3n comercialmente disponible o permitida por la Ley.<\/p>\n\n\n\n<p>La informaci\u00f3n que obtenemos sobre usted puede combinarse para ayudarnos a ofrecer, proporcionar o mejorar nuestros servicios y productos.<\/p>\n\n\n\n<p>Los datos que obtenemos pueden ser, entre otros:<\/p>\n\n\n\n<p>Su nombre, cargo, empresa, direcci\u00f3n, correo electr\u00f3nico, tel\u00e9fono, giro comercial, \u00e1reas de especializaci\u00f3n, experiencia personal y profesional, ingresos, entre otros.<\/p>\n\n\n\n<p>Usted tiene derecho a acceder a sus datos personales que obran en nuestro poder y a conocer c\u00f3mo los tratamos, y a corregirlos en caso de que sean inexactos o incompletos. Cancelar su uso si considera que no son necesarios para alguna de las finalidades descritas en este aviso de privacidad, si se utilizan para fines que usted no acept\u00f3, o si, de lo contrario, puede oponerse al tratamiento de sus datos para fines espec\u00edficos.<\/p>\n\n\n\n<p>Usted puede revocar en cualquier momento el consentimiento que nos ha otorgado para el tratamiento de sus datos personales y evitar que sigamos utiliz\u00e1ndolos.<\/p>\n\n\n\n<p>Dicho derecho podr\u00e1 ejercerlo presentando la solicitud por escrito correspondiente en la direcci\u00f3n antes mencionada o mediante correo electr\u00f3nico a la misma.<\/p>\n\n\n\n<p>Su solicitud deber\u00e1 incluir su nombre completo, tel\u00e9fono de contacto y manifestar los datos que desea modificar, o solicitar que cancelemos el tratamiento de la informaci\u00f3n de sus datos personales que nos proporcion\u00f3, o que revoquemos que sigamos trat\u00e1ndolos.<\/p>\n\n\n\n<p>Nos comprometemos a responder a su solicitud en un plazo m\u00e1ximo de 15 d\u00edas h\u00e1biles.<\/p>\n\n\n\n<p>Los datos personales del titular se mantendr\u00e1n estrictamente confidenciales de acuerdo con las medidas de seguridad, gesti\u00f3n, t\u00e9cnicas y f\u00edsicas que implementamos para tal fin en nuestras pol\u00edticas y procedimientos de seguridad; su divulgaci\u00f3n il\u00edcita estar\u00e1 prohibida y su uso por terceros se limitar\u00e1 seg\u00fan lo establecido en este Aviso de Privacidad. Nos reservamos el derecho de modificar o actualizar este Aviso de Privacidad en cualquier momento para cumplir con las modificaciones de la Ley o con los nuevos requisitos para la prestaci\u00f3n u oferta de nuestros servicios o productos. Le notificaremos de dichas modificaciones a su \u00faltimo correo electr\u00f3nico.<\/p>\n\n\n\n<p>Si considera que su derecho a la protecci\u00f3n de datos personales ha sido lesionado por la conducta de nuestros empleados, por nuestros actos o respuestas, o si presume que existe alguna violaci\u00f3n a las disposiciones de la Ley Federal de Protecci\u00f3n de Datos Personales en Posesi\u00f3n de los Particulares, puede presentar la queja o denuncia correspondiente ante el IFAI. Para m\u00e1s informaci\u00f3n, visite www.ifai.org.mx.<\/p>\n\n\n\n<p>Sin m\u00e1s detalles por el momento, quedamos a sus \u00f3rdenes.<\/p>\n\n\n\n<p>PREMIU OUTLETS DE M\u00c9XICO, S. DE R.L. DE C.V.<\/p>\n\n\n\n<p>Premium Outlets y Premium Outlet Shopping son marcas registradas de Simon Property Group.<\/p>\n\n\n\n<p>COPYRIGHT \u00a9 1999-2026, SIMON MEDIA PROPERTIES, LLC. TODOS LOS DERECHOS RESERVADOS. Al continuar m\u00e1s all\u00e1 de esta p\u00e1gina y\/o utilizar este sitio, usted acepta cumplir con los T\u00e9rminos y Condiciones.<\/p>\n","protected":false},"excerpt":{"rendered":"<p>Fecha de entrada en vigor: 1 de marzo de 2010 Respetamos la privacidad de las comunicaciones electr\u00f3nicas personales y no divulgaremos intencionalmente el contenido de dichas comunicaciones a terceros no autorizados, salvo que la ley lo exija o lo permita. No obstante lo anterior, el uso de la informaci\u00f3n personal presentada en relaci\u00f3n con cualquier [&hellip;]<\/p>\n","protected":false},"author":1,"featured_media":0,"parent":0,"menu_order":0,"comment_status":"closed","ping_status":"closed","template":"","meta":{"_acf_changed":false,"_et_pb_use_builder":"off","_et_pb_old_content":"","_et_gb_content_width":"1080","footnotes":""},"class_list":["post-2374","page","type-page","status-publish","hentry"],"acf":[],"_links":{"self":[{"href":"https:\/\/premiumoutletmx.com\/es\/wp-json\/wp\/v2\/pages\/2374","targetHints":{"allow":["GET"]}}],"collection":[{"href":"https:\/\/premiumoutletmx.com\/es\/wp-json\/wp\/v2\/pages"}],"about":[{"href":"https:\/\/premiumoutletmx.com\/es\/wp-json\/wp\/v2\/types\/page"}],"author":[{"embeddable":true,"href":"https:\/\/premiumoutletmx.com\/es\/wp-json\/wp\/v2\/users\/1"}],"replies":[{"embeddable":true,"href":"https:\/\/premiumoutletmx.com\/es\/wp-json\/wp\/v2\/comments?post=2374"}],"version-history":[{"count":2,"href":"https:\/\/premiumoutletmx.com\/es\/wp-json\/wp\/v2\/pages\/2374\/revisions"}],"predecessor-version":[{"id":2378,"href":"https:\/\/premiumoutletmx.com\/es\/wp-json\/wp\/v2\/pages\/2374\/revisions\/2378"}],"wp:attachment":[{"href":"https:\/\/premiumoutletmx.com\/es\/wp-json\/wp\/v2\/media?parent=2374"}],"curies":[{"name":"wp","href":"https:\/\/api.w.org\/{rel}","templated":true}]}}